{"id":1477,"date":"2014-05-14T10:34:47","date_gmt":"2014-05-14T09:34:47","guid":{"rendered":"http:\/\/huettenurlaub24.at\/?page_id=1477"},"modified":"2025-11-20T13:07:57","modified_gmt":"2025-11-20T12:07:57","slug":"allgemeine-geschaeftsbedingungen-wichtige-informationen-zu-ihren-ferienwohnungen","status":"publish","type":"page","link":"https:\/\/huettenurlaub24.at\/en\/allgemeine-geschaeftsbedingungen-wichtige-informationen-zu-ihren-ferienwohnungen\/","title":{"rendered":"Terms and Conditions"},"content":{"rendered":"<p>Diese Allgemeine Gesch\u00e4ftsbedingungen sind Grundlage des Buchungsvertrages.<\/p>\n<p>Jeder Kunde erkennt mit f\u00fcr sich und die von ihm angemeldeten Personen diese AGB als verbindlich an.<\/p>\n<p><strong>1. Angebot und Buchung<\/strong><br \/>\nNach Ihrer Anfrage hat unser Angebot ab Ausstellungsdatum 2 Tage G\u00fcltigkeit.<br \/>\nErfolgt innerhalb dieser Frist keine verbindliche Buchung, erlischt das Angebot.<br \/>\nBei verbindlicher Buchung akzeptieren Sie unsere Gesch\u00e4fts- und Zahlungsbedingungen.<br \/>\nEine Buchung wird verbindlich, wenn Sie dies schriftlich best\u00e4tigen.<\/p>\n<p><strong>2. Leistungen<\/strong><br \/>\nF\u00fcr unsere Leistungen sind die Angaben unserer Homepage huettenurlaub24.at ma\u00dfgeblich. Abbildungen stellen Beispiele dar. Alle \u201eEntfernungen\u201c, z.B. 3 Gehminuten, sind als ca.-Angaben und sollen nur einen ungef\u00e4hren Eindruck des Umfeldes verschaffen. Da sich die Feriend\u00f6rfer in freier Natur befinden, k\u00f6nnen Spinnen, Ameisen, M\u00fccken, Fliegen oder auch M\u00e4use auftreten und stellen keinen Mangel dar. Angaben zum Ort und zur Umgebung, die nicht das Ferienobjekt betreffen, geh\u00f6ren nicht zum Vertragsinhalt, es wird daf\u00fcr keine Haftung \u00fcbernommen. Es kann vorkommen, dass in Nebensaisonen beschriebene Einrichtungen, wie Sportschulen, etc. nicht ge\u00f6ffnet sind.<\/p>\n<p><strong>2.1. Belegung der H\u00e4user<\/strong><br \/>\nDie H\u00fctten d\u00fcrfen nur mit der angegebenen Personenanzahl belegt werden, \u00fcberz\u00e4hlige Personen m\u00fcssen ausgewiesen werden.<\/p>\n<p><strong>2.2. Haustiere<\/strong><br \/>\nHaustiere sind erlaubt, m\u00fcssen aber angemeldet werden. Die Kosten daf\u00fcr sind im Angebot ersichtlich.<\/p>\n<p><strong>2.3. An- und Abreise<\/strong><br \/>\nDie Anreise kann am Feuerkogel ab 15:00 Uhr (letzte Gondelfahrt um 17:00 Uhr) und in Altaussee ab 16:00 Uhr erfolgen. Am Tag der Abreise ist das Haus bis 10:00 Uhr zu verlassen.<br \/>\nBei Anreiseverz\u00f6gerung ist die Verwaltung zu verst\u00e4ndigen. Sollte die vereinbarte Anreisezeit durch eigenes Verschulden vers\u00e4umt werden, kann ein ordnungsgem\u00e4\u00dfer Empfang nicht garantiert werden.<\/p>\n<p>Die Anreise zum H\u00fcttendorf Feuerkogel ist von Ebensee nur mit der Seilbahn m\u00f6glich. Bitte informieren Sie sich rechtzeitig \u00fcber die Betriebszeiten der Seilbahn um die An- und Abreisezeiten einhalten zu k\u00f6nnen. Bei teilweiser oder v\u00f6lliger Nichtinanspruchnahme des Mietzeitraums ist eine R\u00fcckerstattung oder Teilr\u00fcckerstattung des bezahlten Preises nicht m\u00f6glich.<\/p>\n<p><strong>3. Mietobjekt<\/strong><br \/>\nIhnen als Mieter steht das Recht zu das gesamte Haus einschlie\u00dflich Mobiliar und Gebrauchsgegenst\u00e4nden zu benutzen. Sie verpflichten sich das gemietete Haus und sein Inventar mit gr\u00f6\u00dftm\u00f6glicher Sorgfalt zu behandeln. Sie sind verpflichtet einen Schaden w\u00e4hrend Ihrer Mietzeit durch Ihr Verschulden oder das Verschulden Ihrer Begleitung und G\u00e4ste unverz\u00fcglich zu melden und zu ersetzen.<\/p>\n<p><strong>3.1. M\u00e4ngel<\/strong><br \/>\nEtwaige M\u00e4ngel und Beschwerden sind unverz\u00fcglich zu melden. Sie erkl\u00e4ren sich damit einverstanden, dass wir anstelle eines Anspruchs auf Wandlung oder Preisminderung in angemessener Frist eine mangelfreie Leistung erbringen oder die mangelhafte Leistung verbessern. F\u00fcr Leistungsst\u00f6rungen, deren Ursachen au\u00dferhalb unseres Einflussbereichs liegen, wie Krieg, Streik, Aussperrung, Unruhen, Epidemien, Naturkatastrophen, usw. sowie f\u00fcr Leistungsst\u00f6rungen im Bereich \u00f6ffentlicher Versorgungs- und Entsorgungseinrichtungen (Wasser, Strom, sonstige Energie) kann keine Haftung \u00fcbernommen werden.<\/p>\n<p><strong>3.2. Mitwirkungspflicht<\/strong><br \/>\nSie sind verpflichtet, bei auftretender Leistungsst\u00f6rung im Rahmen der gesetzlichen Bestimmungen mitzuwirken, eventuelle Sch\u00e4den zu vermeiden oder gering zu halten. Kommen Sie durch eigenes Verschulden diesen Verpflichtungen nicht nach, so stehen Ihnen Anspr\u00fcche auf Schadenersatz oder Minderung nicht zu.<\/p>\n<p><strong>3.3. Grundreinigung<\/strong><br \/>\nZur Grundreinigung z\u00e4hlen das Sp\u00fclen und Einr\u00e4umen des Geschirrs, die Beseitigung s\u00e4mtlicher Abf\u00e4lle und das Fegen aller R\u00e4ume, so dass die H\u00fctte besenrein \u00fcbergeben werden kann, auch wenn die Endreinigung gesondert zu bezahlen ist. Die Endreinigung umfasst zus\u00e4tzlich die umfassende Reinigung der K\u00fcche und der Nassr\u00e4ume.<\/p>\n<p><strong>4. Bezahlung<\/strong><br \/>\n<strong>4.1. Anzahlung<\/strong><br \/>\nNach schriftlicher Buchung und \u00dcberweisung von 50% Anzahlung Ihrerseits, erhalten Sie von uns die Rechnung \u00fcber die Gesamtmiete (inkl. Nebenkosten, siehe Pkt. 4.3.).<br \/>\nSollte nach 14 Tagen kein Zahlungseingang der Anzahlung erfolgen muss die Buchung storniert werden.<\/p>\n<p><strong>4.2. Restzahlung<\/strong><br \/>\nDie Restzahlung der Gesamtmiete ist 30 Tage vor Reiseantritt f\u00e4llig.<br \/>\nNach beglichener Restzahlung erhalten Sie Ihre Reiseunterlagen (Mietschein und Informationsmaterial) per E-Mail zugesandt. Reiseunterlagen werden nur auf ausdr\u00fccklichen Wunsch per Post \u00fcbermittelt. Auch hier gilt bei ausstehender Zahlung nach Ablauf der angegebenen Frist eine Stornierung der Buchung und Verrechnung der R\u00fccktrittsgeb\u00fchren gem\u00e4\u00df Pkt. 5.<\/p>\n<p><strong>4.3. Nebenkosten<\/strong><br \/>\nDie angegebenen Nebenkosten sind alle im Voraus zu bezahlen.<br \/>\nEine detaillierte Auflistung dieser Nebenkosten entnehmen Sie dem Angebot. Nebenkosten sind von Erm\u00e4\u00dfigungen ausgeschlossen.<\/p>\n<p><strong>4.4. Kaution<\/strong><br \/>\nBei Buchung wird eine Kaution in H\u00f6he von 300,- Euro eingehoben. Die Kaution wird nach Abreise und ordnungsgem\u00e4\u00dfer R\u00fcckgabe des Hauses, abz\u00fcglich der Stromkosten, retour \u00fcberwiesen. Kaution und Kautionsabwicklung sind nicht teil des Reisevertrags.<\/p>\n<p><strong>5. R\u00fccktritt und R\u00fccktrittsgeb\u00fchren<\/strong><br \/>\nSie k\u00f6nnen vor Anreise durch eine schriftliche Erkl\u00e4rung von der Buchung zur\u00fccktreten.<br \/>\nDie R\u00fccktrittsgeb\u00fchren betragen wie folgt:<br \/>\nBis 89 Tage vor Anreise 10 %<br \/>\n90 bis 55 Tage vor Anreise 50 %<br \/>\nAb 54 Tage vor Anreise 100 %<\/p>\n<p><strong>5.1. Ersatzperson<\/strong><br \/>\nBis zum Reisebeginn k\u00f6nnen Sie sich bei Durchf\u00fchrung der Reise durch einen Dritten ersetzen lassen. Die Ersatzperson tritt f\u00fcr Sie in die Rechte und Pflichten des Vertrages. Umbuchungen sind nur schriftlich g\u00fcltig.<\/p>\n<p><strong>6. Haftung<\/strong><br \/>\nUnsere Haftung ist in F\u00e4llen leichter Fahrl\u00e4ssigkeit ausgeschlossen.<\/p>\n<p><strong>7. Allgemeines<\/strong><br \/>\nAlle Ausk\u00fcnfte erfolgen nach bestem Wissen aber ohne Gew\u00e4hr. Druckfehler und Irrt\u00fcmer vorbehalten. Es gilt das \u00d6sterreichische Recht, auch f\u00fcr G\u00e4ste aus dem Ausland.<\/p>\n<p><strong>8. Unwirksamkeit einzelner Bestimmungen<\/strong><br \/>\nDie Unwirksamkeit einzelner Bestimmungen des Reisevertrages hat nicht die Unwirksamkeit des gesamten Vertrages zur Folge.<\/p>\n<p><em>Stand 2014<\/em><\/p>","protected":false},"excerpt":{"rendered":"<p>Diese Allgemeine Gesch\u00e4ftsbedingungen sind Grundlage des Buchungsvertrages. Jeder Kunde erkennt mit f\u00fcr sich und die von ihm angemeldeten Personen diese AGB als verbindlich an. 1. Angebot und Buchung Nach Ihrer Anfrage hat unser Angebot ab Ausstellungsdatum 2 Tage G\u00fcltigkeit. Erfolgt innerhalb dieser Frist keine verbindliche Buchung, erlischt das Angebot. Bei verbindlicher Buchung akzeptieren Sie unsere [&hellip;]<\/p>","protected":false},"author":2,"featured_media":0,"parent":0,"menu_order":0,"comment_status":"open","ping_status":"closed","template":"","meta":{"footnotes":""},"class_list":["post-1477","page","type-page","status-publish","hentry"],"yoast_head":"<!-- This site is optimized with the Yoast SEO plugin v26.4 - https:\/\/yoast.com\/wordpress\/plugins\/seo\/ -->\n<title>Allgemeine Gesch\u00e4ftsbedingungen H\u00fcttenurlaub24 I Wichtige Informationen AGBs<\/title>\n<meta name=\"description\" content=\"Lesen Sie die Allgemeine Gesch\u00e4ftsbedingungen f\u00fcr Ihre Ferienwohnung bei H\u00fcttenurlaub24 alle wichtigen AGBs und Hinweise f\u00fcr Ihren Aufenthalt\" \/>\n<meta name=\"robots\" content=\"index, follow, max-snippet:-1, max-image-preview:large, max-video-preview:-1\" \/>\n<link rel=\"canonical\" href=\"https:\/\/huettenurlaub24.at\/en\/allgemeine-geschaeftsbedingungen-wichtige-informationen-zu-ihren-ferienwohnungen\/\" \/>\n<meta property=\"og:locale\" content=\"en_GB\" \/>\n<meta property=\"og:type\" content=\"article\" \/>\n<meta property=\"og:title\" content=\"Allgemeine Gesch\u00e4ftsbedingungen H\u00fcttenurlaub24 I Wichtige Informationen AGBs\" \/>\n<meta property=\"og:description\" content=\"Lesen Sie die Allgemeine Gesch\u00e4ftsbedingungen f\u00fcr Ihre Ferienwohnung bei H\u00fcttenurlaub24 alle wichtigen AGBs und Hinweise f\u00fcr Ihren Aufenthalt\" \/>\n<meta property=\"og:url\" content=\"https:\/\/huettenurlaub24.at\/en\/allgemeine-geschaeftsbedingungen-wichtige-informationen-zu-ihren-ferienwohnungen\/\" \/>\n<meta property=\"og:site_name\" content=\"H\u00fcttenurlaub24\" \/>\n<meta property=\"article:publisher\" content=\"https:\/\/www.facebook.com\/huettenurlaub24\" \/>\n<meta property=\"article:modified_time\" content=\"2025-11-20T12:07:57+00:00\" \/>\n<meta property=\"og:image\" content=\"https:\/\/huettenurlaub24.at\/wp-content\/uploads\/2025\/11\/DJI_20250530151714_0488_D-5-scaled.jpg\" \/>\n\t<meta property=\"og:image:width\" content=\"2560\" \/>\n\t<meta property=\"og:image:height\" content=\"1440\" \/>\n\t<meta property=\"og:image:type\" content=\"image\/jpeg\" \/>\n<meta name=\"twitter:card\" content=\"summary_large_image\" \/>\n<meta name=\"twitter:site\" content=\"@huettenurlaubat\" \/>\n<meta name=\"twitter:label1\" content=\"Estimated reading time\" \/>\n\t<meta name=\"twitter:data1\" content=\"5 minutes\" \/>\n<script type=\"application\/ld+json\" class=\"yoast-schema-graph\">{\"@context\":\"https:\/\/schema.org\",\"@graph\":[{\"@type\":\"WebPage\",\"@id\":\"https:\/\/huettenurlaub24.at\/allgemeine-geschaeftsbedingungen-wichtige-informationen-zu-ihren-ferienwohnungen\/\",\"url\":\"https:\/\/huettenurlaub24.at\/allgemeine-geschaeftsbedingungen-wichtige-informationen-zu-ihren-ferienwohnungen\/\",\"name\":\"Allgemeine Gesch\u00e4ftsbedingungen H\u00fcttenurlaub24 I Wichtige Informationen AGBs\",\"isPartOf\":{\"@id\":\"https:\/\/huettenurlaub24.at\/#website\"},\"datePublished\":\"2014-05-14T09:34:47+00:00\",\"dateModified\":\"2025-11-20T12:07:57+00:00\",\"description\":\"Lesen Sie die Allgemeine Gesch\u00e4ftsbedingungen f\u00fcr Ihre Ferienwohnung bei H\u00fcttenurlaub24 alle wichtigen AGBs und Hinweise f\u00fcr Ihren Aufenthalt\",\"inLanguage\":\"en-GB\",\"potentialAction\":[{\"@type\":\"ReadAction\",\"target\":[\"https:\/\/huettenurlaub24.at\/allgemeine-geschaeftsbedingungen-wichtige-informationen-zu-ihren-ferienwohnungen\/\"]}]},{\"@type\":\"WebSite\",\"@id\":\"https:\/\/huettenurlaub24.at\/#website\",\"url\":\"https:\/\/huettenurlaub24.at\/\",\"name\":\"H\u00fcttenurlaub24\",\"description\":\"Ferienh\u00fctten Feuerkogel Altaussee-Loser\",\"publisher\":{\"@id\":\"https:\/\/huettenurlaub24.at\/#organization\"},\"alternateName\":\"H\u00fcttenurlaube am Berg\",\"potentialAction\":[{\"@type\":\"SearchAction\",\"target\":{\"@type\":\"EntryPoint\",\"urlTemplate\":\"https:\/\/huettenurlaub24.at\/?s={search_term_string}\"},\"query-input\":{\"@type\":\"PropertyValueSpecification\",\"valueRequired\":true,\"valueName\":\"search_term_string\"}}],\"inLanguage\":\"en-GB\"},{\"@type\":\"Organization\",\"@id\":\"https:\/\/huettenurlaub24.at\/#organization\",\"name\":\"H\u00fcttenurlaub24\",\"url\":\"https:\/\/huettenurlaub24.at\/\",\"logo\":{\"@type\":\"ImageObject\",\"inLanguage\":\"en-GB\",\"@id\":\"https:\/\/huettenurlaub24.at\/#\/schema\/logo\/image\/\",\"url\":\"https:\/\/huettenurlaub24.at\/wp-content\/uploads\/2025\/10\/image001.jpg\",\"contentUrl\":\"https:\/\/huettenurlaub24.at\/wp-content\/uploads\/2025\/10\/image001.jpg\",\"width\":469,\"height\":164,\"caption\":\"H\u00fcttenurlaub24\"},\"image\":{\"@id\":\"https:\/\/huettenurlaub24.at\/#\/schema\/logo\/image\/\"},\"sameAs\":[\"https:\/\/www.facebook.com\/huettenurlaub24\",\"https:\/\/x.com\/huettenurlaubat\"]}]}<\/script>\n<!-- \/ Yoast SEO plugin. -->","yoast_head_json":{"title":"Allgemeine Gesch\u00e4ftsbedingungen H\u00fcttenurlaub24 I Wichtige Informationen AGBs","description":"Lesen Sie die Allgemeine Gesch\u00e4ftsbedingungen f\u00fcr Ihre Ferienwohnung bei H\u00fcttenurlaub24 alle wichtigen AGBs und Hinweise f\u00fcr Ihren Aufenthalt","robots":{"index":"index","follow":"follow","max-snippet":"max-snippet:-1","max-image-preview":"max-image-preview:large","max-video-preview":"max-video-preview:-1"},"canonical":"https:\/\/huettenurlaub24.at\/en\/allgemeine-geschaeftsbedingungen-wichtige-informationen-zu-ihren-ferienwohnungen\/","og_locale":"en_GB","og_type":"article","og_title":"Allgemeine Gesch\u00e4ftsbedingungen H\u00fcttenurlaub24 I Wichtige Informationen AGBs","og_description":"Lesen Sie die Allgemeine Gesch\u00e4ftsbedingungen f\u00fcr Ihre Ferienwohnung bei H\u00fcttenurlaub24 alle wichtigen AGBs und Hinweise f\u00fcr Ihren Aufenthalt","og_url":"https:\/\/huettenurlaub24.at\/en\/allgemeine-geschaeftsbedingungen-wichtige-informationen-zu-ihren-ferienwohnungen\/","og_site_name":"H\u00fcttenurlaub24","article_publisher":"https:\/\/www.facebook.com\/huettenurlaub24","article_modified_time":"2025-11-20T12:07:57+00:00","og_image":[{"width":2560,"height":1440,"url":"https:\/\/huettenurlaub24.at\/wp-content\/uploads\/2025\/11\/DJI_20250530151714_0488_D-5-scaled.jpg","type":"image\/jpeg"}],"twitter_card":"summary_large_image","twitter_site":"@huettenurlaubat","twitter_misc":{"Estimated reading time":"5 minutes"},"schema":{"@context":"https:\/\/schema.org","@graph":[{"@type":"WebPage","@id":"https:\/\/huettenurlaub24.at\/allgemeine-geschaeftsbedingungen-wichtige-informationen-zu-ihren-ferienwohnungen\/","url":"https:\/\/huettenurlaub24.at\/allgemeine-geschaeftsbedingungen-wichtige-informationen-zu-ihren-ferienwohnungen\/","name":"Allgemeine Gesch\u00e4ftsbedingungen H\u00fcttenurlaub24 I Wichtige Informationen AGBs","isPartOf":{"@id":"https:\/\/huettenurlaub24.at\/#website"},"datePublished":"2014-05-14T09:34:47+00:00","dateModified":"2025-11-20T12:07:57+00:00","description":"Lesen Sie die Allgemeine Gesch\u00e4ftsbedingungen f\u00fcr Ihre Ferienwohnung bei H\u00fcttenurlaub24 alle wichtigen AGBs und Hinweise f\u00fcr Ihren Aufenthalt","inLanguage":"en-GB","potentialAction":[{"@type":"ReadAction","target":["https:\/\/huettenurlaub24.at\/allgemeine-geschaeftsbedingungen-wichtige-informationen-zu-ihren-ferienwohnungen\/"]}]},{"@type":"WebSite","@id":"https:\/\/huettenurlaub24.at\/#website","url":"https:\/\/huettenurlaub24.at\/","name":"H\u00fcttenurlaub24","description":"Ferienh\u00fctten Feuerkogel Altaussee-Loser","publisher":{"@id":"https:\/\/huettenurlaub24.at\/#organization"},"alternateName":"H\u00fcttenurlaube am Berg","potentialAction":[{"@type":"SearchAction","target":{"@type":"EntryPoint","urlTemplate":"https:\/\/huettenurlaub24.at\/?s={search_term_string}"},"query-input":{"@type":"PropertyValueSpecification","valueRequired":true,"valueName":"search_term_string"}}],"inLanguage":"en-GB"},{"@type":"Organization","@id":"https:\/\/huettenurlaub24.at\/#organization","name":"H\u00fcttenurlaub24","url":"https:\/\/huettenurlaub24.at\/","logo":{"@type":"ImageObject","inLanguage":"en-GB","@id":"https:\/\/huettenurlaub24.at\/#\/schema\/logo\/image\/","url":"https:\/\/huettenurlaub24.at\/wp-content\/uploads\/2025\/10\/image001.jpg","contentUrl":"https:\/\/huettenurlaub24.at\/wp-content\/uploads\/2025\/10\/image001.jpg","width":469,"height":164,"caption":"H\u00fcttenurlaub24"},"image":{"@id":"https:\/\/huettenurlaub24.at\/#\/schema\/logo\/image\/"},"sameAs":["https:\/\/www.facebook.com\/huettenurlaub24","https:\/\/x.com\/huettenurlaubat"]}]}},"_links":{"self":[{"href":"https:\/\/huettenurlaub24.at\/en\/wp-json\/wp\/v2\/pages\/1477","targetHints":{"allow":["GET"]}}],"collection":[{"href":"https:\/\/huettenurlaub24.at\/en\/wp-json\/wp\/v2\/pages"}],"about":[{"href":"https:\/\/huettenurlaub24.at\/en\/wp-json\/wp\/v2\/types\/page"}],"author":[{"embeddable":true,"href":"https:\/\/huettenurlaub24.at\/en\/wp-json\/wp\/v2\/users\/2"}],"replies":[{"embeddable":true,"href":"https:\/\/huettenurlaub24.at\/en\/wp-json\/wp\/v2\/comments?post=1477"}],"version-history":[{"count":8,"href":"https:\/\/huettenurlaub24.at\/en\/wp-json\/wp\/v2\/pages\/1477\/revisions"}],"predecessor-version":[{"id":8032,"href":"https:\/\/huettenurlaub24.at\/en\/wp-json\/wp\/v2\/pages\/1477\/revisions\/8032"}],"wp:attachment":[{"href":"https:\/\/huettenurlaub24.at\/en\/wp-json\/wp\/v2\/media?parent=1477"}],"curies":[{"name":"wp","href":"https:\/\/api.w.org\/{rel}","templated":true}]}}