{"id":7121,"date":"2025-11-02T10:50:15","date_gmt":"2025-11-02T09:50:15","guid":{"rendered":"https:\/\/huettenurlaub24.at\/?page_id=7121"},"modified":"2026-02-24T15:31:06","modified_gmt":"2026-02-24T14:31:06","slug":"infos-huettenurlaub-alles-wichtige-fuer-ihren-aufenthalt","status":"publish","type":"page","link":"https:\/\/huettenurlaub24.at\/en\/infos-huettenurlaub-alles-wichtige-fuer-ihren-aufenthalt\/","title":{"rendered":"Good to Know"},"content":{"rendered":"<div data-elementor-type=\"wp-page\" data-elementor-id=\"7121\" class=\"elementor elementor-7121\" data-elementor-post-type=\"page\">\n\t\t\t\t<div class=\"elementor-element elementor-element-7a44833 e-flex e-con-boxed e-con e-parent\" data-id=\"7a44833\" data-element_type=\"container\">\n\t\t\t\t\t<div class=\"e-con-inner\">\n\t\t\t\t<div class=\"elementor-element elementor-element-2b38520 elementor-widget elementor-widget-heading\" data-id=\"2b38520\" data-element_type=\"widget\" data-widget_type=\"heading.default\">\n\t\t\t\t\t<h1 class=\"elementor-heading-title elementor-size-default\">Infos zum H\u00fcttenurlaub und Feuerkogel<\/h1>\t\t\t\t<\/div>\n\t\t\t\t\t<\/div>\n\t\t\t\t<\/div>\n\t\t<div class=\"elementor-element elementor-element-1fab052 e-con-full e-flex e-con e-parent\" data-id=\"1fab052\" data-element_type=\"container\">\n\t\t<div class=\"elementor-element elementor-element-ee4cd96 e-con-full e-flex e-con e-child\" data-id=\"ee4cd96\" data-element_type=\"container\">\n\t\t\t\t<\/div>\n\t\t<div class=\"elementor-element elementor-element-88536a6 e-con-full e-flex e-con e-child\" data-id=\"88536a6\" data-element_type=\"container\">\n\t\t\t\t<div class=\"elementor-element elementor-element-73b8d33 elementor-widget elementor-widget-heading\" data-id=\"73b8d33\" data-element_type=\"widget\" data-widget_type=\"heading.default\">\n\t\t\t\t\t<h2 class=\"elementor-heading-title elementor-size-default\">Information and FAQ about Feuerkogel<\/h2>\t\t\t\t<\/div>\n\t\t\t\t<div class=\"elementor-element elementor-element-8598156 elementor-widget elementor-widget-text-editor\" data-id=\"8598156\" data-element_type=\"widget\" data-widget_type=\"text-editor.default\">\n\t\t\t\t\t\t\t\t\t<p data-start=\"1556\" data-end=\"1967\"><strong data-start=\"1556\" data-end=\"1614\">Important information for your cabin holiday at Feuerkogel<\/strong><br data-start=\"1614\" data-end=\"1617\">Feuerkogel offers a unique mountain plateau with breathtaking panoramic views. We have gathered all relevant information for your arrival, gondola times, luggage transport options, and on-site features. This overview provides you with all the essential <em data-start=\"1894\" data-end=\"1914\">information about your cabin holiday<\/em>so that you can plan your stay with ease.<\/p>\n<p data-start=\"1969\" data-end=\"2170\">For further details, FAQs, exact procedures, and all practical information, please use the button below this section. One click will take you directly to all information specifically for Feuerkogel.<\/p>\t\t\t\t\t\t\t\t<\/div>\n\t\t\t\t<div class=\"elementor-element elementor-element-c4b3c2c elementor-align-center elementor-widget elementor-widget-button\" data-id=\"c4b3c2c\" data-element_type=\"widget\" data-widget_type=\"button.default\">\n\t\t\t\t\t\t\t\t\t\t<a class=\"elementor-button elementor-button-link elementor-size-sm\" href=\"https:\/\/huettenurlaub24.at\/en\/feuerkogel-2\/\">\n\t\t\t\t\t\t<span class=\"elementor-button-content-wrapper\">\n\t\t\t\t\t\t\t\t\t<span class=\"elementor-button-text\">Feuerkogel information<\/span>\n\t\t\t\t\t<\/span>\n\t\t\t\t\t<\/a>\n\t\t\t\t\t\t\t\t<\/div>\n\t\t\t\t<\/div>\n\t\t<div class=\"elementor-element elementor-element-59520c7 e-con-full e-flex e-con e-child\" data-id=\"59520c7\" data-element_type=\"container\">\n\t\t\t\t<div class=\"elementor-element elementor-element-87c81ac elementor-widget elementor-widget-image\" data-id=\"87c81ac\" data-element_type=\"widget\" data-widget_type=\"image.default\">\n\t\t\t\t\t\t\t\t\t\t\t\t\t\t\t<img fetchpriority=\"high\" decoding=\"async\" width=\"800\" height=\"600\" src=\"https:\/\/huettenurlaub24.at\/wp-content\/uploads\/2017\/09\/14-Luftaufnahme-Winter-web-1024x768.jpg\" class=\"attachment-large size-large wp-image-5677\" alt=\"\" srcset=\"https:\/\/huettenurlaub24.at\/wp-content\/uploads\/2017\/09\/14-Luftaufnahme-Winter-web.jpg 1024w, https:\/\/huettenurlaub24.at\/wp-content\/uploads\/2017\/09\/14-Luftaufnahme-Winter-web-300x225.jpg 300w, https:\/\/huettenurlaub24.at\/wp-content\/uploads\/2017\/09\/14-Luftaufnahme-Winter-web-768x576.jpg 768w\" sizes=\"(max-width: 800px) 100vw, 800px\" \/>\t\t\t\t\t\t\t\t\t\t\t\t\t\t\t<\/div>\n\t\t\t\t<\/div>\n\t\t\t\t<\/div>\n\t\t\t\t<\/div>","protected":false},"excerpt":{"rendered":"<p>Infos zum H\u00fcttenurlaub und Feuerkogel Infos sowie FAQ zum Feuerkogel Wichtige Hinweise f\u00fcr Ihren H\u00fcttenurlaub am FeuerkogelDer Feuerkogel bietet ein einzigartiges Bergplateau mit atemberaubendem Panorama. Wir haben alle relevanten Hinweise f\u00fcr Ihre Anreise, die Gondelzeiten, Gep\u00e4cktransportm\u00f6glichkeiten und Besonderheiten vor Ort f\u00fcr Sie gesammelt. Diese \u00dcbersicht liefert Ihnen alle grundlegenden Infos zum H\u00fcttenurlaub, damit Sie Ihren [&hellip;]<\/p>","protected":false},"author":5,"featured_media":0,"parent":0,"menu_order":0,"comment_status":"closed","ping_status":"closed","template":"","meta":{"footnotes":""},"class_list":["post-7121","page","type-page","status-publish","hentry"],"yoast_head":"<!-- This site is optimized with the Yoast SEO plugin v26.4 - https:\/\/yoast.com\/wordpress\/plugins\/seo\/ -->\n<title>Infos H\u00fcttenurlaub \u2013 Tipps &amp; Wichtiges f\u00fcr Ihren Aufenthalt | H\u00fcttenurlaub24<\/title>\n<meta name=\"description\" content=\"Infos H\u00fcttenurlaub: Wichtige Hinweise zu Altaussee\u2013Loser und Feuerkogel. Jetzt alle Details entdecken \u2013 schnell &amp; \u00fcbersichtlich\" \/>\n<meta name=\"robots\" content=\"index, follow, max-snippet:-1, max-image-preview:large, max-video-preview:-1\" \/>\n<link rel=\"canonical\" href=\"https:\/\/huettenurlaub24.at\/en\/infos-huettenurlaub-alles-wichtige-fuer-ihren-aufenthalt\/\" \/>\n<meta property=\"og:locale\" content=\"en_GB\" \/>\n<meta property=\"og:type\" content=\"article\" \/>\n<meta property=\"og:title\" content=\"Infos H\u00fcttenurlaub \u2013 Tipps &amp; Wichtiges f\u00fcr Ihren Aufenthalt | H\u00fcttenurlaub24\" \/>\n<meta property=\"og:description\" content=\"Infos H\u00fcttenurlaub: Wichtige Hinweise zu Altaussee\u2013Loser und Feuerkogel. Jetzt alle Details entdecken \u2013 schnell &amp; \u00fcbersichtlich\" \/>\n<meta property=\"og:url\" content=\"https:\/\/huettenurlaub24.at\/en\/infos-huettenurlaub-alles-wichtige-fuer-ihren-aufenthalt\/\" \/>\n<meta property=\"og:site_name\" content=\"H\u00fcttenurlaub24\" \/>\n<meta property=\"article:publisher\" content=\"https:\/\/www.facebook.com\/huettenurlaub24\" \/>\n<meta property=\"article:modified_time\" content=\"2026-02-24T14:31:06+00:00\" \/>\n<meta property=\"og:image\" content=\"https:\/\/huettenurlaub24.at\/wp-content\/uploads\/2017\/09\/14-Luftaufnahme-Winter-web.jpg\" \/>\n\t<meta property=\"og:image:width\" content=\"1024\" \/>\n\t<meta property=\"og:image:height\" content=\"768\" \/>\n\t<meta property=\"og:image:type\" content=\"image\/jpeg\" \/>\n<meta name=\"twitter:card\" content=\"summary_large_image\" \/>\n<meta name=\"twitter:site\" content=\"@huettenurlaubat\" \/>\n<meta name=\"twitter:label1\" content=\"Estimated reading time\" \/>\n\t<meta name=\"twitter:data1\" content=\"1 minute\" \/>\n<script type=\"application\/ld+json\" class=\"yoast-schema-graph\">{\"@context\":\"https:\/\/schema.org\",\"@graph\":[{\"@type\":\"WebPage\",\"@id\":\"https:\/\/huettenurlaub24.at\/infos-huettenurlaub-alles-wichtige-fuer-ihren-aufenthalt\/\",\"url\":\"https:\/\/huettenurlaub24.at\/infos-huettenurlaub-alles-wichtige-fuer-ihren-aufenthalt\/\",\"name\":\"Infos H\u00fcttenurlaub \u2013 Tipps & Wichtiges f\u00fcr Ihren Aufenthalt | H\u00fcttenurlaub24\",\"isPartOf\":{\"@id\":\"https:\/\/huettenurlaub24.at\/#website\"},\"primaryImageOfPage\":{\"@id\":\"https:\/\/huettenurlaub24.at\/infos-huettenurlaub-alles-wichtige-fuer-ihren-aufenthalt\/#primaryimage\"},\"image\":{\"@id\":\"https:\/\/huettenurlaub24.at\/infos-huettenurlaub-alles-wichtige-fuer-ihren-aufenthalt\/#primaryimage\"},\"thumbnailUrl\":\"https:\/\/huettenurlaub24.at\/wp-content\/uploads\/2017\/09\/14-Luftaufnahme-Winter-web-1024x768.jpg\",\"datePublished\":\"2025-11-02T09:50:15+00:00\",\"dateModified\":\"2026-02-24T14:31:06+00:00\",\"description\":\"Infos H\u00fcttenurlaub: Wichtige Hinweise zu Altaussee\u2013Loser und Feuerkogel. Jetzt alle Details entdecken \u2013 schnell & \u00fcbersichtlich\",\"inLanguage\":\"en-GB\",\"potentialAction\":[{\"@type\":\"ReadAction\",\"target\":[\"https:\/\/huettenurlaub24.at\/infos-huettenurlaub-alles-wichtige-fuer-ihren-aufenthalt\/\"]}]},{\"@type\":\"ImageObject\",\"inLanguage\":\"en-GB\",\"@id\":\"https:\/\/huettenurlaub24.at\/infos-huettenurlaub-alles-wichtige-fuer-ihren-aufenthalt\/#primaryimage\",\"url\":\"https:\/\/huettenurlaub24.at\/wp-content\/uploads\/2017\/09\/14-Luftaufnahme-Winter-web-1024x768.jpg\",\"contentUrl\":\"https:\/\/huettenurlaub24.at\/wp-content\/uploads\/2017\/09\/14-Luftaufnahme-Winter-web-1024x768.jpg\"},{\"@type\":\"WebSite\",\"@id\":\"https:\/\/huettenurlaub24.at\/#website\",\"url\":\"https:\/\/huettenurlaub24.at\/\",\"name\":\"H\u00fcttenurlaub24\",\"description\":\"Ferienh\u00fctten Feuerkogel Altaussee-Loser\",\"publisher\":{\"@id\":\"https:\/\/huettenurlaub24.at\/#organization\"},\"alternateName\":\"H\u00fcttenurlaube am Berg\",\"potentialAction\":[{\"@type\":\"SearchAction\",\"target\":{\"@type\":\"EntryPoint\",\"urlTemplate\":\"https:\/\/huettenurlaub24.at\/?s={search_term_string}\"},\"query-input\":{\"@type\":\"PropertyValueSpecification\",\"valueRequired\":true,\"valueName\":\"search_term_string\"}}],\"inLanguage\":\"en-GB\"},{\"@type\":\"Organization\",\"@id\":\"https:\/\/huettenurlaub24.at\/#organization\",\"name\":\"H\u00fcttenurlaub24\",\"url\":\"https:\/\/huettenurlaub24.at\/\",\"logo\":{\"@type\":\"ImageObject\",\"inLanguage\":\"en-GB\",\"@id\":\"https:\/\/huettenurlaub24.at\/#\/schema\/logo\/image\/\",\"url\":\"https:\/\/huettenurlaub24.at\/wp-content\/uploads\/2025\/10\/image001.jpg\",\"contentUrl\":\"https:\/\/huettenurlaub24.at\/wp-content\/uploads\/2025\/10\/image001.jpg\",\"width\":469,\"height\":164,\"caption\":\"H\u00fcttenurlaub24\"},\"image\":{\"@id\":\"https:\/\/huettenurlaub24.at\/#\/schema\/logo\/image\/\"},\"sameAs\":[\"https:\/\/www.facebook.com\/huettenurlaub24\",\"https:\/\/x.com\/huettenurlaubat\"]}]}<\/script>\n<!-- \/ Yoast SEO plugin. -->","yoast_head_json":{"title":"Infos H\u00fcttenurlaub \u2013 Tipps & Wichtiges f\u00fcr Ihren Aufenthalt | H\u00fcttenurlaub24","description":"Infos H\u00fcttenurlaub: Wichtige Hinweise zu Altaussee\u2013Loser und Feuerkogel. Jetzt alle Details entdecken \u2013 schnell & \u00fcbersichtlich","robots":{"index":"index","follow":"follow","max-snippet":"max-snippet:-1","max-image-preview":"max-image-preview:large","max-video-preview":"max-video-preview:-1"},"canonical":"https:\/\/huettenurlaub24.at\/en\/infos-huettenurlaub-alles-wichtige-fuer-ihren-aufenthalt\/","og_locale":"en_GB","og_type":"article","og_title":"Infos H\u00fcttenurlaub \u2013 Tipps & Wichtiges f\u00fcr Ihren Aufenthalt | H\u00fcttenurlaub24","og_description":"Infos H\u00fcttenurlaub: Wichtige Hinweise zu Altaussee\u2013Loser und Feuerkogel. Jetzt alle Details entdecken \u2013 schnell & \u00fcbersichtlich","og_url":"https:\/\/huettenurlaub24.at\/en\/infos-huettenurlaub-alles-wichtige-fuer-ihren-aufenthalt\/","og_site_name":"H\u00fcttenurlaub24","article_publisher":"https:\/\/www.facebook.com\/huettenurlaub24","article_modified_time":"2026-02-24T14:31:06+00:00","og_image":[{"width":1024,"height":768,"url":"https:\/\/huettenurlaub24.at\/wp-content\/uploads\/2017\/09\/14-Luftaufnahme-Winter-web.jpg","type":"image\/jpeg"}],"twitter_card":"summary_large_image","twitter_site":"@huettenurlaubat","twitter_misc":{"Estimated reading time":"1 minute"},"schema":{"@context":"https:\/\/schema.org","@graph":[{"@type":"WebPage","@id":"https:\/\/huettenurlaub24.at\/infos-huettenurlaub-alles-wichtige-fuer-ihren-aufenthalt\/","url":"https:\/\/huettenurlaub24.at\/infos-huettenurlaub-alles-wichtige-fuer-ihren-aufenthalt\/","name":"Infos H\u00fcttenurlaub \u2013 Tipps & Wichtiges f\u00fcr Ihren Aufenthalt | H\u00fcttenurlaub24","isPartOf":{"@id":"https:\/\/huettenurlaub24.at\/#website"},"primaryImageOfPage":{"@id":"https:\/\/huettenurlaub24.at\/infos-huettenurlaub-alles-wichtige-fuer-ihren-aufenthalt\/#primaryimage"},"image":{"@id":"https:\/\/huettenurlaub24.at\/infos-huettenurlaub-alles-wichtige-fuer-ihren-aufenthalt\/#primaryimage"},"thumbnailUrl":"https:\/\/huettenurlaub24.at\/wp-content\/uploads\/2017\/09\/14-Luftaufnahme-Winter-web-1024x768.jpg","datePublished":"2025-11-02T09:50:15+00:00","dateModified":"2026-02-24T14:31:06+00:00","description":"Infos H\u00fcttenurlaub: Wichtige Hinweise zu Altaussee\u2013Loser und Feuerkogel. Jetzt alle Details entdecken \u2013 schnell & \u00fcbersichtlich","inLanguage":"en-GB","potentialAction":[{"@type":"ReadAction","target":["https:\/\/huettenurlaub24.at\/infos-huettenurlaub-alles-wichtige-fuer-ihren-aufenthalt\/"]}]},{"@type":"ImageObject","inLanguage":"en-GB","@id":"https:\/\/huettenurlaub24.at\/infos-huettenurlaub-alles-wichtige-fuer-ihren-aufenthalt\/#primaryimage","url":"https:\/\/huettenurlaub24.at\/wp-content\/uploads\/2017\/09\/14-Luftaufnahme-Winter-web-1024x768.jpg","contentUrl":"https:\/\/huettenurlaub24.at\/wp-content\/uploads\/2017\/09\/14-Luftaufnahme-Winter-web-1024x768.jpg"},{"@type":"WebSite","@id":"https:\/\/huettenurlaub24.at\/#website","url":"https:\/\/huettenurlaub24.at\/","name":"H\u00fcttenurlaub24","description":"Ferienh\u00fctten Feuerkogel Altaussee-Loser","publisher":{"@id":"https:\/\/huettenurlaub24.at\/#organization"},"alternateName":"H\u00fcttenurlaube am Berg","potentialAction":[{"@type":"SearchAction","target":{"@type":"EntryPoint","urlTemplate":"https:\/\/huettenurlaub24.at\/?s={search_term_string}"},"query-input":{"@type":"PropertyValueSpecification","valueRequired":true,"valueName":"search_term_string"}}],"inLanguage":"en-GB"},{"@type":"Organization","@id":"https:\/\/huettenurlaub24.at\/#organization","name":"H\u00fcttenurlaub24","url":"https:\/\/huettenurlaub24.at\/","logo":{"@type":"ImageObject","inLanguage":"en-GB","@id":"https:\/\/huettenurlaub24.at\/#\/schema\/logo\/image\/","url":"https:\/\/huettenurlaub24.at\/wp-content\/uploads\/2025\/10\/image001.jpg","contentUrl":"https:\/\/huettenurlaub24.at\/wp-content\/uploads\/2025\/10\/image001.jpg","width":469,"height":164,"caption":"H\u00fcttenurlaub24"},"image":{"@id":"https:\/\/huettenurlaub24.at\/#\/schema\/logo\/image\/"},"sameAs":["https:\/\/www.facebook.com\/huettenurlaub24","https:\/\/x.com\/huettenurlaubat"]}]}},"_links":{"self":[{"href":"https:\/\/huettenurlaub24.at\/en\/wp-json\/wp\/v2\/pages\/7121","targetHints":{"allow":["GET"]}}],"collection":[{"href":"https:\/\/huettenurlaub24.at\/en\/wp-json\/wp\/v2\/pages"}],"about":[{"href":"https:\/\/huettenurlaub24.at\/en\/wp-json\/wp\/v2\/types\/page"}],"author":[{"embeddable":true,"href":"https:\/\/huettenurlaub24.at\/en\/wp-json\/wp\/v2\/users\/5"}],"replies":[{"embeddable":true,"href":"https:\/\/huettenurlaub24.at\/en\/wp-json\/wp\/v2\/comments?post=7121"}],"version-history":[{"count":22,"href":"https:\/\/huettenurlaub24.at\/en\/wp-json\/wp\/v2\/pages\/7121\/revisions"}],"predecessor-version":[{"id":8378,"href":"https:\/\/huettenurlaub24.at\/en\/wp-json\/wp\/v2\/pages\/7121\/revisions\/8378"}],"wp:attachment":[{"href":"https:\/\/huettenurlaub24.at\/en\/wp-json\/wp\/v2\/media?parent=7121"}],"curies":[{"name":"wp","href":"https:\/\/api.w.org\/{rel}","templated":true}]}}