{"id":7125,"date":"2025-11-02T10:51:15","date_gmt":"2025-11-02T09:51:15","guid":{"rendered":"https:\/\/huettenurlaub24.at\/?page_id=7125"},"modified":"2026-02-24T15:36:35","modified_gmt":"2026-02-24T14:36:35","slug":"kontakt-altaussee-feuerkogel-jetzt-ihre-ferienwohnung-anfrage-stellen","status":"publish","type":"page","link":"https:\/\/huettenurlaub24.at\/en\/kontakt-altaussee-feuerkogel-jetzt-ihre-ferienwohnung-anfrage-stellen\/","title":{"rendered":"Contact"},"content":{"rendered":"<div data-elementor-type=\"wp-page\" data-elementor-id=\"7125\" class=\"elementor elementor-7125\" data-elementor-post-type=\"page\">\n\t\t\t\t<div class=\"elementor-element elementor-element-6555ca0 e-con-full e-flex e-con e-parent\" data-id=\"6555ca0\" data-element_type=\"container\">\n\t\t\t\t<div class=\"elementor-element elementor-element-dcfc154 elementor-widget elementor-widget-heading\" data-id=\"dcfc154\" data-element_type=\"widget\" data-widget_type=\"heading.default\">\n\t\t\t\t\t<h2 class=\"elementor-heading-title elementor-size-default\">Contact<\/h2>\t\t\t\t<\/div>\n\t\t\t\t<div class=\"elementor-element elementor-element-3496804 elementor-widget elementor-widget-text-editor\" data-id=\"3496804\" data-element_type=\"widget\" data-widget_type=\"text-editor.default\">\n\t\t\t\t\t\t\t\t\t<p data-start=\"192\" data-end=\"260\"><strong data-start=\"192\" data-end=\"258\">Kontakt Feuerkogel \u2013 Ihre Anfragen und Informationen<\/strong><\/p><p data-start=\"262\" data-end=\"606\"><strong data-start=\"262\" data-end=\"338\">For questions or concerns, we are always happy to assist you.<\/strong><br data-start=\"338\" data-end=\"341\" \/>Our <strong data-start=\"347\" data-end=\"388\">team from FEWO Contact Altaussee Feuerkogel<\/strong>\u00a0will assist you quickly, reliably, and personally. Whether it\u2019s about bookings, special requests, or general information about your holiday apartments \u2013 we answer your questions competently and courteously.<\/p><p data-start=\"608\" data-end=\"635\"><strong data-start=\"608\" data-end=\"633\">How to reach us:<\/strong><\/p><ul data-start=\"636\" data-end=\"708\"><li data-start=\"636\" data-end=\"667\"><p data-start=\"638\" data-end=\"667\"><strong data-start=\"638\" data-end=\"649\">E-Mail:<\/strong> <a class=\"decorated-link cursor-pointer\" rel=\"noopener\" data-start=\"650\" data-end=\"665\">office@fim24.at<\/a><\/p><\/li><li data-start=\"668\" data-end=\"708\"><p data-start=\"670\" data-end=\"708\"><strong data-start=\"670\" data-end=\"682\">Phone:<\/strong> +43 (0) 681 10 36 37 59<\/p><\/li><\/ul><p data-start=\"710\" data-end=\"992\"><strong data-start=\"710\" data-end=\"748\">Direct contact via the form<\/strong><br data-start=\"748\" data-end=\"751\" \/>Use our <strong data-start=\"768\" data-end=\"800\">Kontakt Feuerkogel<\/strong>form to send your message directly to us. This way, we can address your requests specifically and ensure you receive all relevant information for your stay.<\/p><p data-start=\"994\" data-end=\"1397\"><strong data-start=\"994\" data-end=\"1046\">Information on booking, arrival, and stay<\/strong><br data-start=\"1046\" data-end=\"1049\" \/>Whether you have questions about <strong data-start=\"1067\" data-end=\"1078\">arrival<\/strong>, zur Ausstattung Ihrer Ferienwohnung oder zu Freizeitm\u00f6glichkeiten rund um den Feuerkogel haben \u2013 unser Team unterst\u00fctzt Sie bei jedem Anliegen. Wir geben Ihnen wertvolle Tipps zu Wanderungen, Skivergn\u00fcgen oder Ausflugszielen in der Region und sorgen daf\u00fcr, dass Ihr Urlaub von Anfang an entspannt beginnt.<\/p><p data-start=\"1399\" data-end=\"1710\"><strong data-start=\"1399\" data-end=\"1444\">Personalized advice for your stay<\/strong><br data-start=\"1444\" data-end=\"1447\" \/>The <strong data-start=\"1451\" data-end=\"1483\">Kontakt Feuerkogel<\/strong>service offers you not only standard information but also <strong data-start=\"1551\" data-end=\"1576\">individualized advice<\/strong>. We ensure that you start your vacation well-prepared and can make the most of all the benefits of your accommodation.<\/p><p data-start=\"1712\" data-end=\"1962\"><strong data-start=\"1712\" data-end=\"1749\">We look forward to your message<\/strong><br data-start=\"1749\" data-end=\"1752\" \/>Unser Ziel ist es, dass Sie sich von Anfang an gut betreut f\u00fchlen. Mit unserem Service k\u00f6nnen Sie sicher sein, dass Ihr Aufenthalt <strong data-start=\"1886\" data-end=\"1915\">\u00a0am Feuerkogel<\/strong> will be smooth and unforgettable.<\/p><p data-start=\"1712\" data-end=\"1962\">\u00a0<\/p>\t\t\t\t\t\t\t\t<\/div>\n\t\t\t\t<\/div>\n\t\t\t\t<\/div>","protected":false},"excerpt":{"rendered":"<p>Kontakt Kontakt Feuerkogel \u2013 Ihre Anfragen und Informationen Bei Fragen oder Anliegen stehen wir Ihnen jederzeit gerne zur Verf\u00fcgung.Unser Team vom FEWO Kontakt Altaussee Feuerkogel\u00a0hilft Ihnen schnell, zuverl\u00e4ssig und pers\u00f6nlich weiter. Egal, ob es um Buchungen, spezielle W\u00fcnsche oder allgemeine Informationen zu Ihren Ferienwohnungen geht \u2013 wir beantworten Ihre Fragen kompetent und freundlich. So erreichen [&hellip;]<\/p>","protected":false},"author":5,"featured_media":0,"parent":0,"menu_order":0,"comment_status":"closed","ping_status":"closed","template":"","meta":{"footnotes":""},"class_list":["post-7125","page","type-page","status-publish","hentry"],"yoast_head":"<!-- This site is optimized with the Yoast SEO plugin v26.4 - https:\/\/yoast.com\/wordpress\/plugins\/seo\/ -->\n<title>FEWO Kontakt Altaussee Feuerkogel - Ihre Ferienwohnung - Anfrage<\/title>\n<meta name=\"description\" content=\"FEWO Kontakt Altaussee Feuerkogel \u2013 Stellen Sie Ihre Anfrage zu Ferienwohnungen bei H\u00fcttenurlaub24und erhalten Sie alle Infos zu den Buchung\" \/>\n<meta name=\"robots\" content=\"index, follow, max-snippet:-1, max-image-preview:large, max-video-preview:-1\" \/>\n<link rel=\"canonical\" href=\"https:\/\/huettenurlaub24.at\/en\/kontakt-altaussee-feuerkogel-jetzt-ihre-ferienwohnung-anfrage-stellen\/\" \/>\n<meta property=\"og:locale\" content=\"en_GB\" \/>\n<meta property=\"og:type\" content=\"article\" \/>\n<meta property=\"og:title\" content=\"FEWO Kontakt Altaussee Feuerkogel - Ihre Ferienwohnung - Anfrage\" \/>\n<meta property=\"og:description\" content=\"FEWO Kontakt Altaussee Feuerkogel \u2013 Stellen Sie Ihre Anfrage zu Ferienwohnungen bei H\u00fcttenurlaub24und erhalten Sie alle Infos zu den Buchung\" \/>\n<meta property=\"og:url\" content=\"https:\/\/huettenurlaub24.at\/en\/kontakt-altaussee-feuerkogel-jetzt-ihre-ferienwohnung-anfrage-stellen\/\" \/>\n<meta property=\"og:site_name\" content=\"H\u00fcttenurlaub24\" \/>\n<meta property=\"article:publisher\" content=\"https:\/\/www.facebook.com\/huettenurlaub24\" \/>\n<meta property=\"article:modified_time\" content=\"2026-02-24T14:36:35+00:00\" \/>\n<meta property=\"og:image\" content=\"https:\/\/huettenurlaub24.at\/wp-content\/uploads\/2025\/11\/DJI_20250530151714_0488_D-5-scaled.jpg\" \/>\n\t<meta property=\"og:image:width\" content=\"2560\" \/>\n\t<meta property=\"og:image:height\" content=\"1440\" \/>\n\t<meta property=\"og:image:type\" content=\"image\/jpeg\" \/>\n<meta name=\"twitter:card\" content=\"summary_large_image\" \/>\n<meta name=\"twitter:site\" content=\"@huettenurlaubat\" \/>\n<meta name=\"twitter:label1\" content=\"Estimated reading time\" \/>\n\t<meta name=\"twitter:data1\" content=\"2 minutes\" \/>\n<script type=\"application\/ld+json\" class=\"yoast-schema-graph\">{\"@context\":\"https:\/\/schema.org\",\"@graph\":[{\"@type\":\"WebPage\",\"@id\":\"https:\/\/huettenurlaub24.at\/kontakt-altaussee-feuerkogel-jetzt-ihre-ferienwohnung-anfrage-stellen\/\",\"url\":\"https:\/\/huettenurlaub24.at\/kontakt-altaussee-feuerkogel-jetzt-ihre-ferienwohnung-anfrage-stellen\/\",\"name\":\"FEWO Kontakt Altaussee Feuerkogel - Ihre Ferienwohnung - Anfrage\",\"isPartOf\":{\"@id\":\"https:\/\/huettenurlaub24.at\/#website\"},\"datePublished\":\"2025-11-02T09:51:15+00:00\",\"dateModified\":\"2026-02-24T14:36:35+00:00\",\"description\":\"FEWO Kontakt Altaussee Feuerkogel \u2013 Stellen Sie Ihre Anfrage zu Ferienwohnungen bei H\u00fcttenurlaub24und erhalten Sie alle Infos zu den Buchung\",\"inLanguage\":\"en-GB\",\"potentialAction\":[{\"@type\":\"ReadAction\",\"target\":[\"https:\/\/huettenurlaub24.at\/kontakt-altaussee-feuerkogel-jetzt-ihre-ferienwohnung-anfrage-stellen\/\"]}]},{\"@type\":\"WebSite\",\"@id\":\"https:\/\/huettenurlaub24.at\/#website\",\"url\":\"https:\/\/huettenurlaub24.at\/\",\"name\":\"H\u00fcttenurlaub24\",\"description\":\"Ferienh\u00fctten Feuerkogel Altaussee-Loser\",\"publisher\":{\"@id\":\"https:\/\/huettenurlaub24.at\/#organization\"},\"alternateName\":\"H\u00fcttenurlaube am Berg\",\"potentialAction\":[{\"@type\":\"SearchAction\",\"target\":{\"@type\":\"EntryPoint\",\"urlTemplate\":\"https:\/\/huettenurlaub24.at\/?s={search_term_string}\"},\"query-input\":{\"@type\":\"PropertyValueSpecification\",\"valueRequired\":true,\"valueName\":\"search_term_string\"}}],\"inLanguage\":\"en-GB\"},{\"@type\":\"Organization\",\"@id\":\"https:\/\/huettenurlaub24.at\/#organization\",\"name\":\"H\u00fcttenurlaub24\",\"url\":\"https:\/\/huettenurlaub24.at\/\",\"logo\":{\"@type\":\"ImageObject\",\"inLanguage\":\"en-GB\",\"@id\":\"https:\/\/huettenurlaub24.at\/#\/schema\/logo\/image\/\",\"url\":\"https:\/\/huettenurlaub24.at\/wp-content\/uploads\/2025\/10\/image001.jpg\",\"contentUrl\":\"https:\/\/huettenurlaub24.at\/wp-content\/uploads\/2025\/10\/image001.jpg\",\"width\":469,\"height\":164,\"caption\":\"H\u00fcttenurlaub24\"},\"image\":{\"@id\":\"https:\/\/huettenurlaub24.at\/#\/schema\/logo\/image\/\"},\"sameAs\":[\"https:\/\/www.facebook.com\/huettenurlaub24\",\"https:\/\/x.com\/huettenurlaubat\"]}]}<\/script>\n<!-- \/ Yoast SEO plugin. -->","yoast_head_json":{"title":"FEWO Kontakt Altaussee Feuerkogel - Ihre Ferienwohnung - Anfrage","description":"FEWO Kontakt Altaussee Feuerkogel \u2013 Stellen Sie Ihre Anfrage zu Ferienwohnungen bei H\u00fcttenurlaub24und erhalten Sie alle Infos zu den Buchung","robots":{"index":"index","follow":"follow","max-snippet":"max-snippet:-1","max-image-preview":"max-image-preview:large","max-video-preview":"max-video-preview:-1"},"canonical":"https:\/\/huettenurlaub24.at\/en\/kontakt-altaussee-feuerkogel-jetzt-ihre-ferienwohnung-anfrage-stellen\/","og_locale":"en_GB","og_type":"article","og_title":"FEWO Kontakt Altaussee Feuerkogel - Ihre Ferienwohnung - Anfrage","og_description":"FEWO Kontakt Altaussee Feuerkogel \u2013 Stellen Sie Ihre Anfrage zu Ferienwohnungen bei H\u00fcttenurlaub24und erhalten Sie alle Infos zu den Buchung","og_url":"https:\/\/huettenurlaub24.at\/en\/kontakt-altaussee-feuerkogel-jetzt-ihre-ferienwohnung-anfrage-stellen\/","og_site_name":"H\u00fcttenurlaub24","article_publisher":"https:\/\/www.facebook.com\/huettenurlaub24","article_modified_time":"2026-02-24T14:36:35+00:00","og_image":[{"width":2560,"height":1440,"url":"https:\/\/huettenurlaub24.at\/wp-content\/uploads\/2025\/11\/DJI_20250530151714_0488_D-5-scaled.jpg","type":"image\/jpeg"}],"twitter_card":"summary_large_image","twitter_site":"@huettenurlaubat","twitter_misc":{"Estimated reading time":"2 minutes"},"schema":{"@context":"https:\/\/schema.org","@graph":[{"@type":"WebPage","@id":"https:\/\/huettenurlaub24.at\/kontakt-altaussee-feuerkogel-jetzt-ihre-ferienwohnung-anfrage-stellen\/","url":"https:\/\/huettenurlaub24.at\/kontakt-altaussee-feuerkogel-jetzt-ihre-ferienwohnung-anfrage-stellen\/","name":"FEWO Kontakt Altaussee Feuerkogel - Ihre Ferienwohnung - Anfrage","isPartOf":{"@id":"https:\/\/huettenurlaub24.at\/#website"},"datePublished":"2025-11-02T09:51:15+00:00","dateModified":"2026-02-24T14:36:35+00:00","description":"FEWO Kontakt Altaussee Feuerkogel \u2013 Stellen Sie Ihre Anfrage zu Ferienwohnungen bei H\u00fcttenurlaub24und erhalten Sie alle Infos zu den Buchung","inLanguage":"en-GB","potentialAction":[{"@type":"ReadAction","target":["https:\/\/huettenurlaub24.at\/kontakt-altaussee-feuerkogel-jetzt-ihre-ferienwohnung-anfrage-stellen\/"]}]},{"@type":"WebSite","@id":"https:\/\/huettenurlaub24.at\/#website","url":"https:\/\/huettenurlaub24.at\/","name":"H\u00fcttenurlaub24","description":"Ferienh\u00fctten Feuerkogel Altaussee-Loser","publisher":{"@id":"https:\/\/huettenurlaub24.at\/#organization"},"alternateName":"H\u00fcttenurlaube am Berg","potentialAction":[{"@type":"SearchAction","target":{"@type":"EntryPoint","urlTemplate":"https:\/\/huettenurlaub24.at\/?s={search_term_string}"},"query-input":{"@type":"PropertyValueSpecification","valueRequired":true,"valueName":"search_term_string"}}],"inLanguage":"en-GB"},{"@type":"Organization","@id":"https:\/\/huettenurlaub24.at\/#organization","name":"H\u00fcttenurlaub24","url":"https:\/\/huettenurlaub24.at\/","logo":{"@type":"ImageObject","inLanguage":"en-GB","@id":"https:\/\/huettenurlaub24.at\/#\/schema\/logo\/image\/","url":"https:\/\/huettenurlaub24.at\/wp-content\/uploads\/2025\/10\/image001.jpg","contentUrl":"https:\/\/huettenurlaub24.at\/wp-content\/uploads\/2025\/10\/image001.jpg","width":469,"height":164,"caption":"H\u00fcttenurlaub24"},"image":{"@id":"https:\/\/huettenurlaub24.at\/#\/schema\/logo\/image\/"},"sameAs":["https:\/\/www.facebook.com\/huettenurlaub24","https:\/\/x.com\/huettenurlaubat"]}]}},"_links":{"self":[{"href":"https:\/\/huettenurlaub24.at\/en\/wp-json\/wp\/v2\/pages\/7125","targetHints":{"allow":["GET"]}}],"collection":[{"href":"https:\/\/huettenurlaub24.at\/en\/wp-json\/wp\/v2\/pages"}],"about":[{"href":"https:\/\/huettenurlaub24.at\/en\/wp-json\/wp\/v2\/types\/page"}],"author":[{"embeddable":true,"href":"https:\/\/huettenurlaub24.at\/en\/wp-json\/wp\/v2\/users\/5"}],"replies":[{"embeddable":true,"href":"https:\/\/huettenurlaub24.at\/en\/wp-json\/wp\/v2\/comments?post=7125"}],"version-history":[{"count":43,"href":"https:\/\/huettenurlaub24.at\/en\/wp-json\/wp\/v2\/pages\/7125\/revisions"}],"predecessor-version":[{"id":8382,"href":"https:\/\/huettenurlaub24.at\/en\/wp-json\/wp\/v2\/pages\/7125\/revisions\/8382"}],"wp:attachment":[{"href":"https:\/\/huettenurlaub24.at\/en\/wp-json\/wp\/v2\/media?parent=7125"}],"curies":[{"name":"wp","href":"https:\/\/api.w.org\/{rel}","templated":true}]}}